{"id":11,"date":"2024-05-12T14:50:52","date_gmt":"2024-05-12T12:50:52","guid":{"rendered":"http:\/\/8800coachch.local\/?page_id=3"},"modified":"2024-05-12T14:59:50","modified_gmt":"2024-05-12T12:59:50","slug":"imprint-legal","status":"publish","type":"page","link":"https:\/\/www.coach8800.com\/de\/imprint-legal\/","title":{"rendered":"Rechtliches"},"content":{"rendered":"<div data-elementor-type=\"wp-page\" data-elementor-id=\"11\" class=\"elementor elementor-11\" data-elementor-post-type=\"page\">\n\t\t\t\t\t\t<section class=\"elementor-section elementor-top-section elementor-element elementor-element-2dbbbfd elementor-section-boxed elementor-section-height-default elementor-section-height-default\" data-id=\"2dbbbfd\" data-element_type=\"section\" data-e-type=\"section\">\n\t\t\t\t\t\t<div class=\"elementor-container elementor-column-gap-default\">\n\t\t\t\t\t<div class=\"elementor-column elementor-col-50 elementor-top-column elementor-element elementor-element-5c79d4e\" data-id=\"5c79d4e\" data-element_type=\"column\" data-e-type=\"column\">\n\t\t\t<div class=\"elementor-widget-wrap elementor-element-populated\">\n\t\t\t\t\t\t<div class=\"elementor-element elementor-element-6ec0177 elementor-widget elementor-widget-text-editor\" data-id=\"6ec0177\" data-element_type=\"widget\" data-e-type=\"widget\" data-widget_type=\"text-editor.default\">\n\t\t\t\t<div class=\"elementor-widget-container\">\n\t\t\t\t\t\t\t\t\t<p><\/p>\n<h1 class=\"wp-block-heading\">Impressum - Rechtliches<\/h1>\n<h2>Betreiber der Webseite<\/h2>\n<div>Jos Theunis<\/div>\n<div>Psych. Berater und Coach8800 Firmeninhaber<\/div>\n<div>\u00a0<\/div>\n<div>\n<h2>Gesch\u00e4ftsadresse (Praxis)<\/h2>\n<\/div>\n<div>Seestr. 3<\/div>\n<div>8800 Thalwil \/ Schweiz<\/div>\n<div>\u00a0<\/div>\n<div>\n<h2>Kontakt<\/h2>\n<p>Email: therapy@coach8800.com<\/p>\n<p>Phone: +41 78 404 74 22<\/p>\n<h2>Firmenregistrierung<\/h2>\n<p>Gewerbeamt Z\u00fcrich: CHE-256.376.300<\/p>\n<p>\u00a0<\/p>\n<\/div>\t\t\t\t\t\t\t\t<\/div>\n\t\t\t\t<\/div>\n\t\t\t\t<div class=\"elementor-element elementor-element-f2996e8 elementor-widget elementor-widget-text-editor\" data-id=\"f2996e8\" data-element_type=\"widget\" data-e-type=\"widget\" data-widget_type=\"text-editor.default\">\n\t\t\t\t<div class=\"elementor-widget-container\">\n\t\t\t\t\t\t\t\t\t<p><span style=\"color: #333333; font-size: 20px; font-weight: 600;\">Zahlungsarten<\/span><\/p>\n<h3>Akzeptierte Kreditkarten<\/h3>\n<div>Master Card, VISA<\/div>\n<div>\u00a0<\/div>\n<div>\n<h3>Andere Zahlungsm\u00f6glichkeiten<\/h3>\n<div>Barzahlung, Twint, Revolut, Paypal<\/div>\n<\/div>\n<div>\u00a0<\/div>\n<div>\n<div class=\"shortened_begin2\"><span style=\"color: #333333; font-size: 20px; font-weight: 600;\">Anwendbares Recht und Gerichtsstand<\/span><\/div>\n<\/div>\n<div>\u00a0<\/div>\n<div>\n<div>\n<div>Die Firma Coach8800 bem\u00fcht sich um einen zufriedenen Kunden, indem sie bew\u00e4hrte und zuverl\u00e4ssige Beratungsdienste sowie flexible (Um-)Buchungsmethoden anbietet.<\/div>\n<\/div>\n<div>\u00a0<\/div>\n<div>Im Alltagsgesch\u00e4ft werden Streitigkeiten oder Unannehmlichkeiten von Nutzern dieser Website und\/oder Kunden der Beratungsdienste nat\u00fcrlich vermieden.<\/div>\n<\/div>\n<div>\u00a0<\/div>\n<div>\n<p class=\"translation-block\">Sollten dennoch Streitigkeiten oder Rechtsverh\u00e4ltnisse zwischen der Firma Coach8800, ihren gesetzlichen Vertretern einerseits und dem Nutzer dieser Website und\/oder Kunden der Beratungsleistungen (wie auf dieser Website beworben) andererseits entstehen, so unterliegen solche Anspr\u00fcche schweizerischem Recht und ist Z\u00fcrich (Schweiz) ausschliesslicher Gerichtsstand f\u00fcr derartige Anspr\u00fcche.<\/p>\n<\/div>\t\t\t\t\t\t\t\t<\/div>\n\t\t\t\t<\/div>\n\t\t\t\t\t<\/div>\n\t\t<\/div>\n\t\t\t\t<div class=\"elementor-column elementor-col-50 elementor-top-column elementor-element elementor-element-9b09259\" data-id=\"9b09259\" data-element_type=\"column\" data-e-type=\"column\">\n\t\t\t<div class=\"elementor-widget-wrap elementor-element-populated\">\n\t\t\t\t\t\t<div class=\"elementor-element elementor-element-d3dcc01 elementor-widget elementor-widget-text-editor\" data-id=\"d3dcc01\" data-element_type=\"widget\" data-e-type=\"widget\" data-widget_type=\"text-editor.default\">\n\t\t\t\t<div class=\"elementor-widget-container\">\n\t\t\t\t\t\t\t\t\t<p><\/p>\n<h2 class=\"wp-block-heading\">European General Data Protection Regulation (GDPR) \u2013 Schweizer Datenschutzgesetz<\/h2>\n<p>Seien Sie versichert, Ihre Daten sind bei mir in guten H\u00e4nden. Es ist sicher nicht meine Absicht, Daten zu sammeln oder an Dritte (wie Google usw.) weiterzuleiten. Ich arbeite nach dem Prinzip \"Datenschutz ist standard\" (und w\u00fcrde mein Unternehmen ruinieren, indem ich Informationen \u00fcber meine Kunden preisgebe).<\/p>\n<p class=\"translation-block\">Um den Europ\u00e4ischen \/ Schweizerischen Datenschutzgesetzen zu entsprechen, <span style=\"text-decoration: underline\">muss<\/span> ich Sie (als Benutzer meiner Website) \u00fcber die Verwendung Ihrer Daten, die Nutzung von Cookies und der Datenanalyse informieren.<\/p>\n<p><span style=\"color: #333333; font-size: 18px; font-weight: 600;\">\u00a0<\/span><\/p>\n<p><span style=\"color: #333333; font-size: 18px; font-weight: 600;\">Verwendung von Benutzerdaten<\/span><\/p>\n<p><span style=\"font-size: 14px; color: var( --e-global-color-text );\">Durch die Nutzung dieser Website erkl\u00e4ren Sie sich damit einverstanden, dass Ihre E-Mail-Adresse, Namensdaten, Telefonnummer und Kommentare (z. B. im Abschnitt 'Termin Buchen') zum Zwecke der weiteren Verarbeitung aufgezeichnet werden.<\/span><\/p>\n<p>'Weiterverarbeitung' bedeutet in diesem Zusammenhang (und ist darauf beschr\u00e4nkt): einen Termin vereinbaren, eine E-Mail senden, Sie anzurufen oder Ihnen eine SMS zu Ihrem Termin zuschicken.<\/p>\n<p>Ihre Daten werden, ohne Ihre ausdr\u00fcckliche Zustimmung, nicht an Dritte weitergegeben.<\/p>\n<p><span style=\"color: #333333; font-size: 18px; font-weight: 600;\">\u00a0<\/span><\/p>\n<p><span style=\"color: #333333; font-size: 18px; font-weight: 600;\">Cookies<\/span><\/p>\n<p><span style=\"font-size: 14px; color: var( --e-global-color-text );\">Wenn Sie auf dieser Website einen Kommentar hinterlassen, speichert Ihr Browser m\u00f6glicherweise Ihren Namen, Ihre E-Mail-Adresse und Ihre (Website-) Cookies.<\/span><\/p>\n<p>Diese Cookies unterliegen ausschliesslich der Kontrolle Ihres Browsers und dienen Ihrer Bequemlichkeit, sodass Sie Ihre Daten nicht erneut eingeben m\u00fcssen, wenn Sie einen weiteren Kommentar hinterlassen.<\/p>\n<p><\/p>\n<p><span style=\"color: #333333; font-size: 18px; font-weight: 600;\">Eingebettete Inhalte von anderen Websites<\/span><\/p>\n<p><span style=\"font-size: 14px; color: var( --e-global-color-text );\">Artikel, Beitr\u00e4ge und Links auf dieser Website k\u00f6nnen eingebettete Inhalte enthalten (z. B. Videos, Bilder, Artikel usw.). Eingebettete Inhalte von anderen Websites verhalten sich genauso, als h\u00e4tte der Besucher die andere Website besucht.<\/span><\/p>\n<p><span style=\"font-size: 14px; color: var( --e-global-color-text );\">Diese (anderen) Websites sammeln m\u00f6glicherweise Daten \u00fcber Sie, verwenden Cookies, binden zus\u00e4tzliches Tracking von Drittanbietern ein und \u00fcberwachen Ihre Interaktion mit diesen eingebetteten Inhalten, einschliesslich der Verfolgung Ihrer Interaktion mit den eingebetteten Inhalten, wenn Sie \u00fcber ein Konto verf\u00fcgen und auf dieser Website angemeldet sind.<\/span><\/p>\n<p><span style=\"color: #333333; font-size: 20px; font-weight: 600;\">\u00a0<\/span><\/p>\n<p><span style=\"color: #333333; font-size: 20px; font-weight: 600;\">Mit wem teile ich Ihre Daten?<\/span><\/p>\n<p>Ihre pers\u00f6nlichen Daten werden nicht an Dritte weitergegeben.<\/p>\n<p><\/p>\n<h2 class=\"wp-block-heading\">Wie lange speichere ich Ihre Daten?<\/h2>\n<p><span style=\"font-size: 14px; color: var( --e-global-color-text );\">Wenn Sie Daten auf dieser Website hinterlassen (z. B. durch Ausf\u00fcllen eines Formulars), werden diese Daten so lange gespeichert, wie sie f\u00fcr Beratungszwecke ben\u00f6tigt werden.<\/span><\/p>\n<p>Auf diese Weise kann ich nachfolgende Kommentare oder Termine automatisch erkennen und nachverfolgen (anstatt sie in einer separaten Datei zu speichern).<\/p>\n<p>Nach Abschluss der Beratung sende ich Ihnen eine E-Mail bez\u00fcglich des L\u00f6schens (oder optional, der Archivierung) Ihrer Daten.<\/p>\n<p><span style=\"color: #333333; font-size: 20px; font-weight: 600;\">\u00a0<\/span><\/p>\n<p><span style=\"color: #333333; font-size: 20px; font-weight: 600;\">Welche Rechte haben Sie an Ihren Daten?<\/span><\/p>\n<p><span style=\"font-size: 14px; color: var( --e-global-color-text );\">Wenn Sie auf dieser Website Kommentare (oder Daten im Allgemeinen) hinterlassen haben, k\u00f6nnen Sie eine exportierte Datei der pers\u00f6nlichen Daten anfordern, die ich \u00fcber Sie gespeichert habe, bestehend aus den Daten, die Sie mir zur Verf\u00fcgung gestellt haben.<\/span><\/p>\n<p>Sie k\u00f6nnen auch verlangen, dass ich alle pers\u00f6nlichen Daten l\u00f6sche, die ich \u00fcber Sie habe. Dies schliesst keine Daten ein, die ich zu Beratungs-, Verwaltungs-, Rechts- oder Sicherheitszwecken aufbewahren muss.<\/p>\n<p><\/p>\n<p><\/p>\n<p><\/p>\n<p><\/p>\n<p><\/p>\t\t\t\t\t\t\t\t<\/div>\n\t\t\t\t<\/div>\n\t\t\t\t\t<\/div>\n\t\t<\/div>\n\t\t\t\t\t<\/div>\n\t\t<\/section>\n\t\t\t\t<\/div>","protected":false},"excerpt":{"rendered":"<p>Imprint &#8211; Privacy Policy Owner of Website Jos Theunis (Counselor \/ Coach8800 Company Owner) \u00a0 Business Address (Office) Seestr. 3 8800 Thalwil \/ Switzerland \u00a0 Contact Email: therapy@coach8800.com Phone: +41 78 404 74 22 Company Registration Zurich Trade Office: CHE-256.376.300 \u00a0 Payment Methods Credit cards accepted Master Card, VISA \u00a0 Other payment methods Cash, Twint, [&hellip;]<\/p>\n","protected":false},"author":1,"featured_media":0,"parent":0,"menu_order":0,"comment_status":"closed","ping_status":"closed","template":"elementor_header_footer","meta":{"ocean_post_layout":"full-screen","ocean_both_sidebars_style":"","ocean_both_sidebars_content_width":0,"ocean_both_sidebars_sidebars_width":0,"ocean_sidebar":"0","ocean_second_sidebar":"0","ocean_disable_margins":"enable","ocean_add_body_class":"","ocean_shortcode_before_top_bar":"","ocean_shortcode_after_top_bar":"","ocean_shortcode_before_header":"","ocean_shortcode_after_header":"","ocean_has_shortcode":"","ocean_shortcode_after_title":"","ocean_shortcode_before_footer_widgets":"","ocean_shortcode_after_footer_widgets":"","ocean_shortcode_before_footer_bottom":"","ocean_shortcode_after_footer_bottom":"","ocean_display_top_bar":"off","ocean_display_header":"default","ocean_header_style":"","ocean_center_header_left_menu":"0","ocean_custom_header_template":"0","ocean_custom_logo":0,"ocean_custom_retina_logo":0,"ocean_custom_logo_max_width":0,"ocean_custom_logo_tablet_max_width":0,"ocean_custom_logo_mobile_max_width":0,"ocean_custom_logo_max_height":0,"ocean_custom_logo_tablet_max_height":0,"ocean_custom_logo_mobile_max_height":0,"ocean_header_custom_menu":"2","ocean_menu_typo_font_family":"0","ocean_menu_typo_font_subset":"","ocean_menu_typo_font_size":0,"ocean_menu_typo_font_size_tablet":0,"ocean_menu_typo_font_size_mobile":0,"ocean_menu_typo_font_size_unit":"px","ocean_menu_typo_font_weight":"","ocean_menu_typo_font_weight_tablet":"","ocean_menu_typo_font_weight_mobile":"","ocean_menu_typo_transform":"","ocean_menu_typo_transform_tablet":"","ocean_menu_typo_transform_mobile":"","ocean_menu_typo_line_height":0,"ocean_menu_typo_line_height_tablet":0,"ocean_menu_typo_line_height_mobile":0,"ocean_menu_typo_line_height_unit":"","ocean_menu_typo_spacing":0,"ocean_menu_typo_spacing_tablet":0,"ocean_menu_typo_spacing_mobile":0,"ocean_menu_typo_spacing_unit":"","ocean_menu_link_color":"","ocean_menu_link_color_hover":"","ocean_menu_link_color_active":"","ocean_menu_link_background":"","ocean_menu_link_hover_background":"","ocean_menu_link_active_background":"","ocean_menu_social_links_bg":"","ocean_menu_social_hover_links_bg":"","ocean_menu_social_links_color":"","ocean_menu_social_hover_links_color":"","ocean_disable_title":"on","ocean_disable_heading":"default","ocean_post_title":"","ocean_post_subheading":"","ocean_post_title_style":"","ocean_post_title_background_color":"","ocean_post_title_background":0,"ocean_post_title_bg_image_position":"","ocean_post_title_bg_image_attachment":"","ocean_post_title_bg_image_repeat":"","ocean_post_title_bg_image_size":"","ocean_post_title_height":0,"ocean_post_title_bg_overlay":0.5,"ocean_post_title_bg_overlay_color":"","ocean_disable_breadcrumbs":"default","ocean_breadcrumbs_color":"","ocean_breadcrumbs_separator_color":"","ocean_breadcrumbs_links_color":"","ocean_breadcrumbs_links_hover_color":"","ocean_display_footer_widgets":"default","ocean_display_footer_bottom":"off","ocean_custom_footer_template":"0","footnotes":""},"class_list":["post-11","page","type-page","status-publish","hentry","entry"],"_links":{"self":[{"href":"https:\/\/www.coach8800.com\/de\/wp-json\/wp\/v2\/pages\/11","targetHints":{"allow":["GET"]}}],"collection":[{"href":"https:\/\/www.coach8800.com\/de\/wp-json\/wp\/v2\/pages"}],"about":[{"href":"https:\/\/www.coach8800.com\/de\/wp-json\/wp\/v2\/types\/page"}],"author":[{"embeddable":true,"href":"https:\/\/www.coach8800.com\/de\/wp-json\/wp\/v2\/users\/1"}],"replies":[{"embeddable":true,"href":"https:\/\/www.coach8800.com\/de\/wp-json\/wp\/v2\/comments?post=11"}],"version-history":[{"count":77,"href":"https:\/\/www.coach8800.com\/de\/wp-json\/wp\/v2\/pages\/11\/revisions"}],"predecessor-version":[{"id":2304,"href":"https:\/\/www.coach8800.com\/de\/wp-json\/wp\/v2\/pages\/11\/revisions\/2304"}],"wp:attachment":[{"href":"https:\/\/www.coach8800.com\/de\/wp-json\/wp\/v2\/media?parent=11"}],"curies":[{"name":"wp","href":"https:\/\/api.w.org\/{rel}","templated":true}]}}